{"id":1227,"date":"2024-02-14T16:31:37","date_gmt":"2024-02-14T15:31:37","guid":{"rendered":"https:\/\/www.pohar.halas.hu\/?page_id=1227"},"modified":"2024-02-19T07:51:32","modified_gmt":"2024-02-19T06:51:32","slug":"palyazatok","status":"publish","type":"page","link":"https:\/\/www.pohar.halas.hu\/?page_id=1227","title":{"rendered":"P\u00e1ly\u00e1zatok"},"content":{"rendered":"<p>[et_pb_section fb_built=&#8221;1&#8243; admin_label=&#8221;Features&#8221; _builder_version=&#8221;4.9.6&#8243; min_height=&#8221;750px&#8221; custom_padding=&#8221;79px||134px|||&#8221; top_divider_style=&#8221;waves2&#8243; top_divider_color=&#8221;#0C71C3&#8243; top_divider_height=&#8221;32px&#8221; top_divider_repeat=&#8221;1x&#8221; top_divider_flip=&#8221;vertical&#8221; bottom_divider_style=&#8221;waves2&#8243; bottom_divider_color=&#8221;#0C71C3&#8243; bottom_divider_height=&#8221;54px&#8221; locked=&#8221;off&#8221;][et_pb_row column_structure=&#8221;1_2,1_2&#8243; _builder_version=&#8221;3.25&#8243; custom_margin=&#8221;20px|auto||auto||&#8221; custom_padding=&#8221;4px||51px|||&#8221;][et_pb_column type=&#8221;1_2&#8243; _builder_version=&#8221;3.25&#8243; custom_padding=&#8221;|||&#8221; custom_padding__hover=&#8221;|||&#8221;][et_pb_text _builder_version=&#8221;4.9.6&#8243; text_font=&#8221;||||||||&#8221; text_font_size=&#8221;16px&#8221; text_line_height=&#8221;2em&#8221; header_2_font=&#8221;Rubik|500||on|||||&#8221; header_2_text_color=&#8221;#ff8f00&#8243; header_2_font_size=&#8221;14px&#8221; header_2_letter_spacing=&#8221;1px&#8221; header_2_line_height=&#8221;1.5em&#8221; header_3_font=&#8221;Rubik|500|||||||&#8221; header_3_font_size=&#8221;38px&#8221; header_3_line_height=&#8221;1.4em&#8221; custom_margin=&#8221;1px|||||&#8221; custom_padding=&#8221;51px|1px||||&#8221; header_2_font_size_tablet=&#8221;42px&#8221; header_2_font_size_phone=&#8221;32px&#8221; header_2_font_size_last_edited=&#8221;off|desktop&#8221; header_3_font_size_tablet=&#8221;28px&#8221; header_3_font_size_phone=&#8221;20px&#8221; header_3_font_size_last_edited=&#8221;on|phone&#8221; locked=&#8221;off&#8221;]<\/p>\n<p>&nbsp;<\/p>\n<p>&nbsp;<\/p>\n<h2><span style=\"color: #000000;\">A KEDVEZM\u00c9NYEZETT NEVE: Kis Lajos E.v<\/span><\/h2>\n<p><strong>A project c\u00edme:<\/strong><span>\u00a0<\/span>Kamatmentes \u00fajraind\u00edt\u00e1si gyorsk\u00f6lcs\u00f6n hitelprogram<\/p>\n<p><strong>A project tartalm\u00e1nak r\u00f6vid bemutat\u00e1sa:<\/strong><span>\u00a0<\/span>A finansz\u00edroz\u00e1s a REACT-EU forr\u00e1sb\u00f3l a COVID 19 Vil\u00e1gj\u00e1rv\u00e1nyra adott UNI\u00d3S v\u00e1lasz r\u00e9szek\u00e9nt t\u00f6rt\u00e9nik<br \/>A Hitelprogram c\u00e9lja Forg\u00f3eszk\u00f6z hitel ny\u00fajt\u00e1sa a COVID-19 vil\u00e1gj\u00e1rv\u00e1ny miatt neh\u00e9z gazdas\u00e1gi helyzetbe ker\u00fclt, a v\u00e1ls\u00e1g \u00e1ltal legink\u00e1bb s\u00fajtott \u00e1gazatokban tev\u00e9kenyked\u0151 mikr\u00f3-, kis- \u00e9s k\u00f6z\u00e9pv\u00e1llalkoz\u00e1sok talpon marad\u00e1s\u00e1nak biztos\u00edt\u00e1s\u00e1ra, illetve a j\u00e1rv\u00e1ny ut\u00e1ni m\u0171k\u00f6d\u00e9sre t\u00f6rt\u00e9n\u0151 felk\u00e9sz\u00fcl\u00e9s\u00fck t\u00e1mogat\u00e1s\u00e1ra.<\/p>\n<p><strong>A szerz\u0151d\u00f6tt t\u00e1mogat\u00e1s \u00f6sszege:<\/strong><span>\u00a0<\/span>10 000 000 Forint azaz t\u00edzmilli\u00f3 Forint<br \/><strong>A felh\u00edv\u00e1s azonos\u00edt\u00f3 jele:<\/strong><span>\u00a0<\/span>GINOP 9.1.1-21<\/p>\n<p>&nbsp;<\/p>\n<p align=\"justify\">\n<p>[\/et_pb_text][\/et_pb_column][et_pb_column type=&#8221;1_2&#8243; _builder_version=&#8221;3.25&#8243; custom_padding=&#8221;|||&#8221; custom_padding__hover=&#8221;|||&#8221;][\/et_pb_column][\/et_pb_row][\/et_pb_section]<\/p>\n","protected":false},"excerpt":{"rendered":"<p>[et_pb_section fb_built=&#8221;1&#8243; admin_label=&#8221;Features&#8221; _builder_version=&#8221;4.9.6&#8243; min_height=&#8221;750px&#8221; custom_padding=&#8221;79px||134px|||&#8221; top_divider_style=&#8221;waves2&#8243; top_divider_color=&#8221;#0C71C3&#8243; top_divider_height=&#8221;32px&#8221; top_divider_repeat=&#8221;1x&#8221; top_divider_flip=&#8221;vertical&#8221; bottom_divider_style=&#8221;waves2&#8243; bottom_divider_color=&#8221;#0C71C3&#8243; bottom_divider_height=&#8221;54px&#8221; locked=&#8221;off&#8221;][et_pb_row column_structure=&#8221;1_2,1_2&#8243; _builder_version=&#8221;3.25&#8243; custom_margin=&#8221;20px|auto||auto||&#8221; custom_padding=&#8221;4px||51px|||&#8221;][et_pb_column type=&#8221;1_2&#8243; _builder_version=&#8221;3.25&#8243; custom_padding=&#8221;|||&#8221; custom_padding__hover=&#8221;|||&#8221;][et_pb_text _builder_version=&#8221;4.9.6&#8243; text_font=&#8221;||||||||&#8221; text_font_size=&#8221;16px&#8221; text_line_height=&#8221;2em&#8221; header_2_font=&#8221;Rubik|500||on|||||&#8221; header_2_text_color=&#8221;#ff8f00&#8243; header_2_font_size=&#8221;14px&#8221; header_2_letter_spacing=&#8221;1px&#8221; header_2_line_height=&#8221;1.5em&#8221; header_3_font=&#8221;Rubik|500|||||||&#8221; header_3_font_size=&#8221;38px&#8221; header_3_line_height=&#8221;1.4em&#8221; custom_margin=&#8221;1px|||||&#8221; custom_padding=&#8221;51px|1px||||&#8221; header_2_font_size_tablet=&#8221;42px&#8221; header_2_font_size_phone=&#8221;32px&#8221; header_2_font_size_last_edited=&#8221;off|desktop&#8221; header_3_font_size_tablet=&#8221;28px&#8221; header_3_font_size_phone=&#8221;20px&#8221; header_3_font_size_last_edited=&#8221;on|phone&#8221; locked=&#8221;off&#8221;] &nbsp; &nbsp; A KEDVEZM\u00c9NYEZETT NEVE: Kis Lajos E.v A project c\u00edme:\u00a0Kamatmentes [&hellip;]<\/p>\n","protected":false},"author":1,"featured_media":0,"parent":0,"menu_order":0,"comment_status":"closed","ping_status":"closed","template":"","meta":{"_et_pb_use_builder":"on","_et_pb_old_content":"","_et_gb_content_width":"","_monsterinsights_skip_tracking":false,"_monsterinsights_sitenote_active":false,"_monsterinsights_sitenote_note":"","_monsterinsights_sitenote_category":0},"yoast_head":"<!-- This site is optimized with the Yoast SEO plugin v16.4 - https:\/\/yoast.com\/wordpress\/plugins\/seo\/ -->\n<title>P\u00e1ly\u00e1zatok - &quot;Kis&quot; \u00dcveg-Porcel\u00e1n Keresked\u00e9s<\/title>\n<meta name=\"robots\" content=\"index, follow, max-snippet:-1, max-image-preview:large, max-video-preview:-1\" \/>\n<link rel=\"canonical\" href=\"https:\/\/www.pohar.halas.hu\/?page_id=1227\" \/>\n<meta property=\"og:locale\" content=\"hu_HU\" \/>\n<meta property=\"og:type\" content=\"article\" \/>\n<meta property=\"og:title\" content=\"P\u00e1ly\u00e1zatok - &quot;Kis&quot; \u00dcveg-Porcel\u00e1n Keresked\u00e9s\" \/>\n<meta property=\"og:description\" content=\"[et_pb_section fb_built=&#8221;1&#8243; admin_label=&#8221;Features&#8221; _builder_version=&#8221;4.9.6&#8243; min_height=&#8221;750px&#8221; custom_padding=&#8221;79px||134px|||&#8221; top_divider_style=&#8221;waves2&#8243; top_divider_color=&#8221;#0C71C3&#8243; top_divider_height=&#8221;32px&#8221; top_divider_repeat=&#8221;1x&#8221; top_divider_flip=&#8221;vertical&#8221; bottom_divider_style=&#8221;waves2&#8243; bottom_divider_color=&#8221;#0C71C3&#8243; bottom_divider_height=&#8221;54px&#8221; locked=&#8221;off&#8221;][et_pb_row column_structure=&#8221;1_2,1_2&#8243; _builder_version=&#8221;3.25&#8243; custom_margin=&#8221;20px|auto||auto||&#8221; custom_padding=&#8221;4px||51px|||&#8221;][et_pb_column type=&#8221;1_2&#8243; _builder_version=&#8221;3.25&#8243; custom_padding=&#8221;|||&#8221; custom_padding__hover=&#8221;|||&#8221;][et_pb_text _builder_version=&#8221;4.9.6&#8243; text_font=&#8221;||||||||&#8221; text_font_size=&#8221;16px&#8221; text_line_height=&#8221;2em&#8221; header_2_font=&#8221;Rubik|500||on|||||&#8221; header_2_text_color=&#8221;#ff8f00&#8243; header_2_font_size=&#8221;14px&#8221; header_2_letter_spacing=&#8221;1px&#8221; header_2_line_height=&#8221;1.5em&#8221; header_3_font=&#8221;Rubik|500|||||||&#8221; header_3_font_size=&#8221;38px&#8221; header_3_line_height=&#8221;1.4em&#8221; custom_margin=&#8221;1px|||||&#8221; custom_padding=&#8221;51px|1px||||&#8221; header_2_font_size_tablet=&#8221;42px&#8221; header_2_font_size_phone=&#8221;32px&#8221; header_2_font_size_last_edited=&#8221;off|desktop&#8221; header_3_font_size_tablet=&#8221;28px&#8221; header_3_font_size_phone=&#8221;20px&#8221; header_3_font_size_last_edited=&#8221;on|phone&#8221; locked=&#8221;off&#8221;] &nbsp; &nbsp; A KEDVEZM\u00c9NYEZETT NEVE: Kis Lajos E.v A project c\u00edme:\u00a0Kamatmentes [&hellip;]\" \/>\n<meta property=\"og:url\" content=\"https:\/\/www.pohar.halas.hu\/?page_id=1227\" \/>\n<meta property=\"og:site_name\" content=\"&quot;Kis&quot; \u00dcveg-Porcel\u00e1n Keresked\u00e9s\" \/>\n<meta property=\"article:modified_time\" content=\"2024-02-19T06:51:32+00:00\" \/>\n<meta name=\"twitter:card\" content=\"summary_large_image\" \/>\n<script type=\"application\/ld+json\" class=\"yoast-schema-graph\">{\"@context\":\"https:\/\/schema.org\",\"@graph\":[{\"@type\":\"WebSite\",\"@id\":\"https:\/\/www.pohar.halas.hu\/#website\",\"url\":\"https:\/\/www.pohar.halas.hu\/\",\"name\":\"&quot;Kis&quot; \\u00dcveg-Porcel\\u00e1n Keresked\\u00e9s\",\"description\":\"\\u00dcveg- Porcel\\u00e1n Keresked\\u00e9s\",\"potentialAction\":[{\"@type\":\"SearchAction\",\"target\":\"https:\/\/www.pohar.halas.hu\/?s={search_term_string}\",\"query-input\":\"required name=search_term_string\"}],\"inLanguage\":\"hu\"},{\"@type\":\"WebPage\",\"@id\":\"https:\/\/www.pohar.halas.hu\/?page_id=1227#webpage\",\"url\":\"https:\/\/www.pohar.halas.hu\/?page_id=1227\",\"name\":\"P\\u00e1ly\\u00e1zatok - &quot;Kis&quot; \\u00dcveg-Porcel\\u00e1n Keresked\\u00e9s\",\"isPartOf\":{\"@id\":\"https:\/\/www.pohar.halas.hu\/#website\"},\"datePublished\":\"2024-02-14T15:31:37+00:00\",\"dateModified\":\"2024-02-19T06:51:32+00:00\",\"breadcrumb\":{\"@id\":\"https:\/\/www.pohar.halas.hu\/?page_id=1227#breadcrumb\"},\"inLanguage\":\"hu\",\"potentialAction\":[{\"@type\":\"ReadAction\",\"target\":[\"https:\/\/www.pohar.halas.hu\/?page_id=1227\"]}]},{\"@type\":\"BreadcrumbList\",\"@id\":\"https:\/\/www.pohar.halas.hu\/?page_id=1227#breadcrumb\",\"itemListElement\":[{\"@type\":\"ListItem\",\"position\":1,\"item\":{\"@type\":\"WebPage\",\"@id\":\"https:\/\/www.pohar.halas.hu\/\",\"url\":\"https:\/\/www.pohar.halas.hu\/\",\"name\":\"Home\"}},{\"@type\":\"ListItem\",\"position\":2,\"item\":{\"@id\":\"https:\/\/www.pohar.halas.hu\/?page_id=1227#webpage\"}}]}]}<\/script>\n<!-- \/ Yoast SEO plugin. -->","_links":{"self":[{"href":"https:\/\/www.pohar.halas.hu\/index.php?rest_route=\/wp\/v2\/pages\/1227"}],"collection":[{"href":"https:\/\/www.pohar.halas.hu\/index.php?rest_route=\/wp\/v2\/pages"}],"about":[{"href":"https:\/\/www.pohar.halas.hu\/index.php?rest_route=\/wp\/v2\/types\/page"}],"author":[{"embeddable":true,"href":"https:\/\/www.pohar.halas.hu\/index.php?rest_route=\/wp\/v2\/users\/1"}],"replies":[{"embeddable":true,"href":"https:\/\/www.pohar.halas.hu\/index.php?rest_route=%2Fwp%2Fv2%2Fcomments&post=1227"}],"version-history":[{"count":5,"href":"https:\/\/www.pohar.halas.hu\/index.php?rest_route=\/wp\/v2\/pages\/1227\/revisions"}],"predecessor-version":[{"id":1237,"href":"https:\/\/www.pohar.halas.hu\/index.php?rest_route=\/wp\/v2\/pages\/1227\/revisions\/1237"}],"wp:attachment":[{"href":"https:\/\/www.pohar.halas.hu\/index.php?rest_route=%2Fwp%2Fv2%2Fmedia&parent=1227"}],"curies":[{"name":"wp","href":"https:\/\/api.w.org\/{rel}","templated":true}]}}