{"id":33,"date":"2021-06-14T17:20:23","date_gmt":"2021-06-14T17:20:23","guid":{"rendered":"https:\/\/www.halas.hu\/pohar2\/?page_id=33"},"modified":"2024-02-14T16:52:12","modified_gmt":"2024-02-14T15:52:12","slug":"fooldal-vendeglato-eszkozok-konyhai-edenyek","status":"publish","type":"page","link":"https:\/\/www.pohar.halas.hu\/","title":{"rendered":"F\u0151oldal"},"content":{"rendered":"<p>[et_pb_section fb_built=&#8221;1&#8243; custom_padding_last_edited=&#8221;off|desktop&#8221; next_background_color=&#8221;#ffffff&#8221; admin_label=&#8221;Header&#8221; _builder_version=&#8221;4.9.6&#8243; use_background_color_gradient=&#8221;on&#8221; background_color_gradient_start=&#8221;#0c71c3&#8243; background_color_gradient_end=&#8221;rgba(47,179,226,0.16)&#8221; background_enable_image=&#8221;off&#8221; custom_margin=&#8221;||2px|||&#8221; custom_padding=&#8221;0vw||16px||false|false&#8221; custom_padding_tablet=&#8221;50px||50px||true|false&#8221; custom_padding_phone=&#8221;30px||30px||true|false&#8221; bottom_divider_style=&#8221;asymmetric2&#8243;][et_pb_row column_structure=&#8221;1_2,1_2&#8243; _builder_version=&#8221;4.9.6&#8243; _module_preset=&#8221;default&#8221; custom_margin=&#8221;|auto|21px|auto||&#8221; custom_padding=&#8221;21px||32px|||&#8221;][et_pb_column type=&#8221;1_2&#8243; _builder_version=&#8221;4.9.6&#8243; _module_preset=&#8221;default&#8221;][et_pb_text _builder_version=&#8221;4.9.6&#8243; _module_preset=&#8221;default&#8221; text_font=&#8221;|700|||||||&#8221; text_text_color=&#8221;#000000&#8243; text_font_size=&#8221;18px&#8221; text_letter_spacing=&#8221;4px&#8221; text_line_height=&#8221;1.9em&#8221; header_font=&#8221;||||||||&#8221; module_alignment=&#8221;center&#8221; custom_margin=&#8221;34px||59px|||&#8221; custom_padding=&#8221;||22px|||&#8221; text_text_shadow_style=&#8221;preset1&#8243; text_text_shadow_blur_strength=&#8221;0.37em&#8221;]<\/p>\n<h1><span>&#8220;Kis&#8221; Vend\u00e9gl\u00e1t\u00f3s \u00dcveg- Porcel\u00e1n Keresked\u00e9s<\/span><\/h1>\n<p><span>A Vend\u00e9gl\u00e1t\u00f3 Ell\u00e1t\u00f3<\/span><\/p>\n<p>[\/et_pb_text][\/et_pb_column][et_pb_column type=&#8221;1_2&#8243; _builder_version=&#8221;4.9.6&#8243; _module_preset=&#8221;default&#8221;][et_pb_image src=&#8221;https:\/\/www.pohar.halas.hu\/wp-content\/uploads\/2021\/06\/Projekt-tabla_Kis-Lajos_1622276891-page-001-216&#215;300.jpg&#8221; title_text=&#8221;Projekt t\u00e1bla_Kis Lajos_1622276891-page-001&#8243; align=&#8221;center&#8221; _builder_version=&#8221;4.9.6&#8243; _module_preset=&#8221;default&#8221; width=&#8221;40%&#8221; max_width=&#8221;100%&#8221; module_alignment=&#8221;right&#8221; animation_style=&#8221;zoom&#8221; box_shadow_style=&#8221;preset1&#8243; box_shadow_spread=&#8221;4px&#8221;][\/et_pb_image][\/et_pb_column][\/et_pb_row][\/et_pb_section][et_pb_section fb_built=&#8221;1&#8243; _builder_version=&#8221;4.9.6&#8243; _module_preset=&#8221;default&#8221;][et_pb_row _builder_version=&#8221;4.9.6&#8243; _module_preset=&#8221;default&#8221;][et_pb_column type=&#8221;4_4&#8243; _builder_version=&#8221;4.9.6&#8243; _module_preset=&#8221;default&#8221;][et_pb_slider _builder_version=&#8221;4.9.6&#8243; _module_preset=&#8221;default&#8221; background_enable_color=&#8221;off&#8221; background_enable_image=&#8221;off&#8221; module_alignment=&#8221;right&#8221; content_max_width=&#8221;100%&#8221; custom_margin=&#8221;0px||||false|false&#8221; custom_padding=&#8221;177px||156px||false|false&#8221; auto=&#8221;on&#8221; auto_speed=&#8221;5000&#8243;][et_pb_slide heading=&#8221;Tudjon meg r\u00f3lunk t\u00f6bbet&#8221; button_text=&#8221;Tov\u00e1bb&#8221; button_link=&#8221;https:\/\/www.pohar.halas.hu\/?page_id=10&#8243; url_new_window=&#8221;on&#8221; image=&#8221;https:\/\/www.pohar.halas.hu\/wp-content\/uploads\/2021\/09\/auto-scaled.jpg&#8221; _builder_version=&#8221;4.9.6&#8243; _module_preset=&#8221;default&#8221; background_color=&#8221;rgba(12,113,195,0.66)&#8221; background_enable_color=&#8221;on&#8221; use_background_color_gradient=&#8221;on&#8221; background_color_gradient_end=&#8221;#ffffff&#8221; background_color_gradient_direction=&#8221;140deg&#8221; background_enable_image=&#8221;off&#8221; custom_button=&#8221;on&#8221; button_text_color=&#8221;#000000&#8243; button_border_radius=&#8221;21px&#8221; button_alignment=&#8221;center&#8221; text_orientation=&#8221;center&#8221; background_layout=&#8221;light&#8221; link_option_url_new_window=&#8221;on&#8221; border_width_all_image=&#8221;1px&#8221; text_shadow_style=&#8221;preset1&#8243; text_shadow_horizontal_length=&#8221;0.03em&#8221; text_shadow_blur_strength=&#8221;0.06em&#8221; text_shadow_color=&#8221;#000000&#8243; sticky_transition=&#8221;on&#8221;][\/et_pb_slide][et_pb_slide heading=&#8221;Term\u00e9keink&#8221; button_text=&#8221;Tov\u00e1bb&#8221; button_link=&#8221;https:\/\/www.pohar.halas.hu\/?page_id=12&#8243; url_new_window=&#8221;on&#8221; image=&#8221;https:\/\/www.pohar.halas.hu\/wp-content\/uploads\/2021\/09\/AdobeStock_210797925-scaled.jpeg&#8221; _builder_version=&#8221;4.9.6&#8243; _module_preset=&#8221;default&#8221; background_enable_color=&#8221;off&#8221; use_background_color_gradient=&#8221;on&#8221; background_color_gradient_end=&#8221;#ffffff&#8221; background_color_gradient_direction=&#8221;140deg&#8221; background_enable_image=&#8221;off&#8221; custom_button=&#8221;on&#8221; button_text_color=&#8221;#000000&#8243; button_border_radius=&#8221;21px&#8221; button_alignment=&#8221;center&#8221; text_orientation=&#8221;center&#8221; background_layout=&#8221;light&#8221; text_shadow_style=&#8221;preset1&#8243; text_shadow_horizontal_length=&#8221;0.03em&#8221; text_shadow_blur_strength=&#8221;0.06em&#8221; text_shadow_color=&#8221;#000000&#8243; sticky_transition=&#8221;on&#8221;][\/et_pb_slide][et_pb_slide heading=&#8221;Akci\u00f3s katal\u00f3gus&#8221; button_text=&#8221;Tov\u00e1bb&#8221; button_link=&#8221;https:\/\/www.pohar.halas.hu\/?page_id=773&#8243; url_new_window=&#8221;on&#8221; image=&#8221;https:\/\/www.pohar.halas.hu\/wp-content\/uploads\/2021\/09\/AdobeStock_316361168-scaled.jpeg&#8221; use_bg_overlay=&#8221;off&#8221; use_text_overlay=&#8221;off&#8221; _builder_version=&#8221;4.9.6&#8243; _module_preset=&#8221;default&#8221; use_background_color_gradient=&#8221;on&#8221; background_color_gradient_end=&#8221;#ffffff&#8221; background_color_gradient_direction=&#8221;140deg&#8221; custom_button=&#8221;on&#8221; button_text_color=&#8221;#000000&#8243; button_border_radius=&#8221;21px&#8221; button_alignment=&#8221;center&#8221; text_orientation=&#8221;center&#8221; background_layout=&#8221;light&#8221; text_shadow_style=&#8221;preset1&#8243; text_shadow_horizontal_length=&#8221;0.03em&#8221; text_shadow_blur_strength=&#8221;0.06em&#8221; text_shadow_color=&#8221;#000000&#8243; sticky_transition=&#8221;on&#8221;]<\/p>\n<p>&nbsp;<\/p>\n<p style=\"text-align: center;\">N\u00e9zze meg akci\u00f3s katal\u00f3gusunkat \u00e9s sp\u00f3roljon!<\/p>\n<p>[\/et_pb_slide][et_pb_slide heading=&#8221;Gasztrokatal\u00f3gus&#8221; button_text=&#8221;Tov\u00e1bb&#8221; button_link=&#8221;https:\/\/www.pohar.halas.hu\/?page_id=711&#8243; url_new_window=&#8221;on&#8221; image=&#8221;https:\/\/www.pohar.halas.hu\/wp-content\/uploads\/2021\/09\/00110241024_1-211&#215;300.jpg&#8221; _builder_version=&#8221;4.9.6&#8243; _module_preset=&#8221;default&#8221; use_background_color_gradient=&#8221;on&#8221; background_color_gradient_end=&#8221;#ffffff&#8221; background_color_gradient_direction=&#8221;140deg&#8221; custom_button=&#8221;on&#8221; button_text_color=&#8221;#000000&#8243; button_border_radius=&#8221;21px&#8221; button_alignment=&#8221;center&#8221; text_orientation=&#8221;center&#8221; background_layout=&#8221;light&#8221; text_shadow_style=&#8221;preset1&#8243; text_shadow_horizontal_length=&#8221;0.03em&#8221; text_shadow_blur_strength=&#8221;0.06em&#8221; text_shadow_color=&#8221;#000000&#8243; sticky_transition=&#8221;on&#8221;][\/et_pb_slide][et_pb_slide heading=&#8221;Nagykonyhai g\u00e9pek&#8221; button_text=&#8221;Tov\u00e1bb&#8221; button_link=&#8221;https:\/\/www.pohar.halas.hu\/?page_id=714&#8243; url_new_window=&#8221;on&#8221; image=&#8221;https:\/\/www.pohar.halas.hu\/wp-content\/uploads\/2021\/09\/AdobeStock_283516720-scaled.jpeg&#8221; _builder_version=&#8221;4.9.6&#8243; _module_preset=&#8221;default&#8221; use_background_color_gradient=&#8221;on&#8221; background_color_gradient_end=&#8221;#ffffff&#8221; background_color_gradient_direction=&#8221;140deg&#8221; custom_button=&#8221;on&#8221; button_text_color=&#8221;#000000&#8243; button_border_radius=&#8221;21px&#8221; button_alignment=&#8221;center&#8221; text_orientation=&#8221;center&#8221; background_layout=&#8221;light&#8221; text_shadow_style=&#8221;preset1&#8243; text_shadow_horizontal_length=&#8221;0.03em&#8221; text_shadow_blur_strength=&#8221;0.06em&#8221; text_shadow_color=&#8221;#000000&#8243; sticky_transition=&#8221;on&#8221;][\/et_pb_slide][\/et_pb_slider][\/et_pb_column][\/et_pb_row][\/et_pb_section]<\/p>\n","protected":false},"excerpt":{"rendered":"<p>[et_pb_section fb_built=&#8221;1&#8243; custom_padding_last_edited=&#8221;off|desktop&#8221; next_background_color=&#8221;#ffffff&#8221; admin_label=&#8221;Header&#8221; _builder_version=&#8221;4.9.6&#8243; use_background_color_gradient=&#8221;on&#8221; background_color_gradient_start=&#8221;#0c71c3&#8243; background_color_gradient_end=&#8221;rgba(47,179,226,0.16)&#8221; background_enable_image=&#8221;off&#8221; custom_margin=&#8221;||2px|||&#8221; custom_padding=&#8221;0vw||16px||false|false&#8221; custom_padding_tablet=&#8221;50px||50px||true|false&#8221; custom_padding_phone=&#8221;30px||30px||true|false&#8221; bottom_divider_style=&#8221;asymmetric2&#8243;][et_pb_row column_structure=&#8221;1_2,1_2&#8243; _builder_version=&#8221;4.9.6&#8243; _module_preset=&#8221;default&#8221; custom_margin=&#8221;|auto|21px|auto||&#8221; custom_padding=&#8221;21px||32px|||&#8221;][et_pb_column type=&#8221;1_2&#8243; _builder_version=&#8221;4.9.6&#8243; _module_preset=&#8221;default&#8221;][et_pb_text _builder_version=&#8221;4.9.6&#8243; _module_preset=&#8221;default&#8221; text_font=&#8221;|700|||||||&#8221; text_text_color=&#8221;#000000&#8243; text_font_size=&#8221;18px&#8221; text_letter_spacing=&#8221;4px&#8221; text_line_height=&#8221;1.9em&#8221; header_font=&#8221;||||||||&#8221; module_alignment=&#8221;center&#8221; custom_margin=&#8221;34px||59px|||&#8221; custom_padding=&#8221;||22px|||&#8221; text_text_shadow_style=&#8221;preset1&#8243; text_text_shadow_blur_strength=&#8221;0.37em&#8221;] &#8220;Kis&#8221; Vend\u00e9gl\u00e1t\u00f3s \u00dcveg- Porcel\u00e1n Keresked\u00e9s A Vend\u00e9gl\u00e1t\u00f3 Ell\u00e1t\u00f3 [\/et_pb_text][\/et_pb_column][et_pb_column type=&#8221;1_2&#8243; _builder_version=&#8221;4.9.6&#8243; _module_preset=&#8221;default&#8221;][et_pb_image src=&#8221;https:\/\/www.pohar.halas.hu\/wp-content\/uploads\/2021\/06\/Projekt-tabla_Kis-Lajos_1622276891-page-001-216&#215;300.jpg&#8221; title_text=&#8221;Projekt t\u00e1bla_Kis Lajos_1622276891-page-001&#8243; align=&#8221;center&#8221; _builder_version=&#8221;4.9.6&#8243; _module_preset=&#8221;default&#8221; [&hellip;]<\/p>\n","protected":false},"author":1,"featured_media":0,"parent":0,"menu_order":0,"comment_status":"closed","ping_status":"closed","template":"","meta":{"_et_pb_use_builder":"on","_et_pb_old_content":"","_et_gb_content_width":"","_monsterinsights_skip_tracking":false,"_monsterinsights_sitenote_active":false,"_monsterinsights_sitenote_note":"","_monsterinsights_sitenote_category":0},"yoast_head":"<!-- This site is optimized with the Yoast SEO plugin v16.4 - https:\/\/yoast.com\/wordpress\/plugins\/seo\/ -->\n<title>F\u0151oldal - &quot;Kis&quot; \u00dcveg-Porcel\u00e1n Keresked\u00e9s<\/title>\n<meta name=\"description\" content=\"Vend\u00e9gl\u00e1t\u00f3ipari, gastro eszk\u00f6z\u00f6k, csomagol\u00f3anyagok, nagykonyhai eszk\u00f6z\u00f6k kereskedelme, t\u00e1ny\u00e9rok, poharak ev\u0151eszk\u00f6z\u00f6k\" \/>\n<meta name=\"robots\" content=\"index, follow, max-snippet:-1, max-image-preview:large, max-video-preview:-1\" \/>\n<link rel=\"canonical\" href=\"https:\/\/www.pohar.halas.hu\/\" \/>\n<meta property=\"og:locale\" content=\"hu_HU\" \/>\n<meta property=\"og:type\" content=\"article\" \/>\n<meta property=\"og:title\" content=\"F\u0151oldal - &quot;Kis&quot; \u00dcveg-Porcel\u00e1n Keresked\u00e9s\" \/>\n<meta property=\"og:description\" content=\"Vend\u00e9gl\u00e1t\u00f3ipari, gastro eszk\u00f6z\u00f6k, csomagol\u00f3anyagok, nagykonyhai eszk\u00f6z\u00f6k kereskedelme, t\u00e1ny\u00e9rok, poharak ev\u0151eszk\u00f6z\u00f6k\" \/>\n<meta property=\"og:url\" content=\"https:\/\/www.pohar.halas.hu\/\" \/>\n<meta property=\"og:site_name\" content=\"&quot;Kis&quot; \u00dcveg-Porcel\u00e1n Keresked\u00e9s\" \/>\n<meta property=\"article:modified_time\" content=\"2024-02-14T15:52:12+00:00\" \/>\n<meta name=\"twitter:card\" content=\"summary_large_image\" \/>\n<meta name=\"twitter:label1\" content=\"Becs\u00fclt olvas\u00e1si id\u0151\" \/>\n\t<meta name=\"twitter:data1\" content=\"1 perc\" \/>\n<script type=\"application\/ld+json\" class=\"yoast-schema-graph\">{\"@context\":\"https:\/\/schema.org\",\"@graph\":[{\"@type\":\"WebSite\",\"@id\":\"https:\/\/www.pohar.halas.hu\/#website\",\"url\":\"https:\/\/www.pohar.halas.hu\/\",\"name\":\"&quot;Kis&quot; \\u00dcveg-Porcel\\u00e1n Keresked\\u00e9s\",\"description\":\"\\u00dcveg- Porcel\\u00e1n Keresked\\u00e9s\",\"potentialAction\":[{\"@type\":\"SearchAction\",\"target\":\"https:\/\/www.pohar.halas.hu\/?s={search_term_string}\",\"query-input\":\"required name=search_term_string\"}],\"inLanguage\":\"hu\"},{\"@type\":\"WebPage\",\"@id\":\"https:\/\/www.pohar.halas.hu\/#webpage\",\"url\":\"https:\/\/www.pohar.halas.hu\/\",\"name\":\"F\\u0151oldal - &quot;Kis&quot; \\u00dcveg-Porcel\\u00e1n Keresked\\u00e9s\",\"isPartOf\":{\"@id\":\"https:\/\/www.pohar.halas.hu\/#website\"},\"datePublished\":\"2021-06-14T17:20:23+00:00\",\"dateModified\":\"2024-02-14T15:52:12+00:00\",\"description\":\"Vend\\u00e9gl\\u00e1t\\u00f3ipari, gastro eszk\\u00f6z\\u00f6k, csomagol\\u00f3anyagok, nagykonyhai eszk\\u00f6z\\u00f6k kereskedelme, t\\u00e1ny\\u00e9rok, poharak ev\\u0151eszk\\u00f6z\\u00f6k\",\"breadcrumb\":{\"@id\":\"https:\/\/www.pohar.halas.hu\/#breadcrumb\"},\"inLanguage\":\"hu\",\"potentialAction\":[{\"@type\":\"ReadAction\",\"target\":[\"https:\/\/www.pohar.halas.hu\/\"]}]},{\"@type\":\"BreadcrumbList\",\"@id\":\"https:\/\/www.pohar.halas.hu\/#breadcrumb\",\"itemListElement\":[{\"@type\":\"ListItem\",\"position\":1,\"item\":{\"@type\":\"WebPage\",\"@id\":\"https:\/\/www.pohar.halas.hu\/\",\"url\":\"https:\/\/www.pohar.halas.hu\/\",\"name\":\"Home\"}},{\"@type\":\"ListItem\",\"position\":2,\"item\":{\"@id\":\"https:\/\/www.pohar.halas.hu\/#webpage\"}}]}]}<\/script>\n<!-- \/ Yoast SEO plugin. -->","_links":{"self":[{"href":"https:\/\/www.pohar.halas.hu\/index.php?rest_route=\/wp\/v2\/pages\/33"}],"collection":[{"href":"https:\/\/www.pohar.halas.hu\/index.php?rest_route=\/wp\/v2\/pages"}],"about":[{"href":"https:\/\/www.pohar.halas.hu\/index.php?rest_route=\/wp\/v2\/types\/page"}],"author":[{"embeddable":true,"href":"https:\/\/www.pohar.halas.hu\/index.php?rest_route=\/wp\/v2\/users\/1"}],"replies":[{"embeddable":true,"href":"https:\/\/www.pohar.halas.hu\/index.php?rest_route=%2Fwp%2Fv2%2Fcomments&post=33"}],"version-history":[{"count":6,"href":"https:\/\/www.pohar.halas.hu\/index.php?rest_route=\/wp\/v2\/pages\/33\/revisions"}],"predecessor-version":[{"id":1226,"href":"https:\/\/www.pohar.halas.hu\/index.php?rest_route=\/wp\/v2\/pages\/33\/revisions\/1226"}],"wp:attachment":[{"href":"https:\/\/www.pohar.halas.hu\/index.php?rest_route=%2Fwp%2Fv2%2Fmedia&parent=33"}],"curies":[{"name":"wp","href":"https:\/\/api.w.org\/{rel}","templated":true}]}}