{"id":416,"date":"2021-06-19T19:24:54","date_gmt":"2021-06-19T19:24:54","guid":{"rendered":"https:\/\/www.halas.hu\/pohar2\/?page_id=416"},"modified":"2021-10-18T08:12:55","modified_gmt":"2021-10-18T06:12:55","slug":"porcelan-termekek","status":"publish","type":"page","link":"https:\/\/www.pohar.halas.hu\/?page_id=416","title":{"rendered":"Porcel\u00e1n term\u00e9kek"},"content":{"rendered":"<p>[et_pb_section fb_built=&#8221;1&#8243; next_background_color=&#8221;#ffffff&#8221; admin_label=&#8221;Hero Section&#8221; _builder_version=&#8221;4.9.6&#8243; background_color=&#8221;#0C71C3&#8243; use_background_color_gradient=&#8221;on&#8221; background_color_gradient_start=&#8221;#0c71c3&#8243; background_color_gradient_end=&#8221;#ffffff&#8221; background_color_gradient_direction=&#8221;179deg&#8221; background_color_gradient_start_position=&#8221;32%&#8221; background_color_gradient_end_position=&#8221;92%&#8221; custom_padding=&#8221;34px|0px|1px|0px||&#8221; bottom_divider_style=&#8221;graph3&#8243; animation_style=&#8221;slide&#8221; animation_direction=&#8221;top&#8221; animation_intensity_slide=&#8221;2%&#8221; animation_starting_opacity=&#8221;100%&#8221; locked=&#8221;off&#8221;][et_pb_row _builder_version=&#8221;3.25&#8243; background_size=&#8221;initial&#8221; background_position=&#8221;top_left&#8221; background_repeat=&#8221;repeat&#8221; custom_padding=&#8221;|||&#8221; custom_width_px=&#8221;1440px&#8221;][et_pb_column type=&#8221;4_4&#8243; _builder_version=&#8221;3.25&#8243; custom_padding=&#8221;|||&#8221; custom_padding__hover=&#8221;|||&#8221;][et_pb_text _builder_version=&#8221;3.27.4&#8243; text_font=&#8221;||||||||&#8221; header_font=&#8221;Playfair Display|700|||||||&#8221; header_text_color=&#8221;#ffffff&#8221; header_font_size=&#8221;60px&#8221; header_line_height=&#8221;1.5em&#8221; header_2_font=&#8221;||||||||&#8221; header_3_font=&#8221;||||||||&#8221; header_4_font=&#8221;||||||||&#8221; header_5_font=&#8221;||||||||&#8221; header_6_font=&#8221;||||||||&#8221; background_size=&#8221;initial&#8221; background_position=&#8221;top_left&#8221; background_repeat=&#8221;repeat&#8221; text_orientation=&#8221;center&#8221; module_alignment=&#8221;center&#8221; custom_margin=&#8221;||50px|||&#8221; locked=&#8221;off&#8221;]<\/p>\n<h1>Porcel\u00e1n term\u00e9kek<\/h1>\n<p>[\/et_pb_text][et_pb_divider color=&#8221;#0C71C3&#8243; divider_weight=&#8221;3px&#8221; disabled_on=&#8221;on|on|off&#8221; _builder_version=&#8221;4.9.6&#8243; max_width=&#8221;80px&#8221; module_alignment=&#8221;center&#8221; height=&#8221;10px&#8221; custom_margin=&#8221;||20px|&#8221; animation_style=&#8221;slide&#8221; animation_direction=&#8221;bottom&#8221; saved_tabs=&#8221;all&#8221; locked=&#8221;off&#8221;][\/et_pb_divider][\/et_pb_column][\/et_pb_row][\/et_pb_section][et_pb_section fb_built=&#8221;1&#8243; _builder_version=&#8221;3.22&#8243; custom_padding=&#8221;|||&#8221;][et_pb_row column_structure=&#8221;1_3,1_3,1_3&#8243; use_custom_gutter=&#8221;on&#8221; gutter_width=&#8221;3&#8243; _builder_version=&#8221;3.25&#8243; max_width=&#8221;1280px&#8221; custom_margin=&#8221;|||&#8221; custom_padding=&#8221;|||&#8221; use_custom_width=&#8221;on&#8221; custom_width_px=&#8221;1280px&#8221;][et_pb_column type=&#8221;1_3&#8243; _builder_version=&#8221;3.25&#8243; custom_padding=&#8221;|||&#8221; custom_padding__hover=&#8221;|||&#8221;][et_pb_image src=&#8221;https:\/\/www.halas.hu\/pohar2\/wp-content\/uploads\/2021\/06\/uniset_n.jpg&#8221; title_text=&#8221;uniset_n&#8221; url=&#8221;@ET-DC@eyJkeW5hbWljIjp0cnVlLCJjb250ZW50IjoicG9zdF9saW5rX3VybF9wYWdlIiwic2V0dGluZ3MiOnsicG9zdF9pZCI6IjYyMSJ9fQ==@&#8221; align_tablet=&#8221;center&#8221; align_phone=&#8221;&#8221; align_last_edited=&#8221;on|desktop&#8221; admin_label=&#8221;Jel\u00f6lt poharak&#8221; _builder_version=&#8221;4.9.6&#8243; _dynamic_attributes=&#8221;url&#8221; custom_margin=&#8221;||15%|&#8221; animation_style=&#8221;slide&#8221; animation_direction=&#8221;bottom&#8221; animation_intensity_slide=&#8221;4%&#8221;][\/et_pb_image][et_pb_text _builder_version=&#8221;4.9.6&#8243; _module_preset=&#8221;default&#8221;]<\/p>\n<h3 style=\"text-align: center;\"><strong>Alf\u00f6ldi porcel\u00e1n<\/strong><\/h3>\n<p>[\/et_pb_text][et_pb_image src=&#8221;https:\/\/www.halas.hu\/pohar2\/wp-content\/uploads\/2021\/06\/pcsesze_n.jpg&#8221; alt=&#8221;Whiskys poharak&#8221; title_text=&#8221;pcsesze_n&#8221; url=&#8221;@ET-DC@eyJkeW5hbWljIjp0cnVlLCJjb250ZW50IjoicG9zdF9saW5rX3VybF9wYWdlIiwic2V0dGluZ3MiOnsicG9zdF9pZCI6IjYyNyJ9fQ==@&#8221; url_new_window=&#8221;on&#8221; use_overlay=&#8221;on&#8221; overlay_icon_color=&#8221;rgba(0,0,0,0.22)&#8221; hover_overlay_color=&#8221;rgba(255,255,255,0.29)&#8221; align_tablet=&#8221;center&#8221; align_phone=&#8221;&#8221; align_last_edited=&#8221;on|desktop&#8221; _builder_version=&#8221;4.9.6&#8243; _dynamic_attributes=&#8221;url&#8221; custom_margin=&#8221;||15%|&#8221; animation_style=&#8221;slide&#8221; animation_direction=&#8221;bottom&#8221; animation_intensity_slide=&#8221;4%&#8221; locked=&#8221;off&#8221;][\/et_pb_image][et_pb_text _builder_version=&#8221;4.9.6&#8243; _module_preset=&#8221;default&#8221;]<\/p>\n<h3 style=\"text-align: center;\"><strong>Egy\u00e9b porcel\u00e1nok<\/strong><\/h3>\n<p>[\/et_pb_text][\/et_pb_column][et_pb_column type=&#8221;1_3&#8243; _builder_version=&#8221;3.25&#8243; custom_padding=&#8221;|||&#8221; custom_padding__hover=&#8221;|||&#8221;][et_pb_image src=&#8221;https:\/\/www.halas.hu\/pohar2\/wp-content\/uploads\/2021\/06\/sultes_n.jpg&#8221; alt=&#8221;Hamutart\u00f3k&#8221; title_text=&#8221;sultes_n&#8221; url=&#8221;https:\/\/www.halas.hu\/pohar2\/?page_id=623&#8243; url_new_window=&#8221;on&#8221; use_overlay=&#8221;on&#8221; overlay_icon_color=&#8221;rgba(0,0,0,0.22)&#8221; hover_overlay_color=&#8221;rgba(255,255,255,0.29)&#8221; align_tablet=&#8221;center&#8221; align_phone=&#8221;&#8221; align_last_edited=&#8221;on|desktop&#8221; _builder_version=&#8221;4.9.6&#8243; custom_margin=&#8221;||15%|&#8221; animation_style=&#8221;slide&#8221; animation_direction=&#8221;bottom&#8221; animation_intensity_slide=&#8221;4%&#8221; locked=&#8221;off&#8221;][\/et_pb_image][et_pb_text _builder_version=&#8221;4.9.6&#8243; _dynamic_attributes=&#8221;link_option_url&#8221; _module_preset=&#8221;default&#8221; link_option_url=&#8221;@ET-DC@eyJkeW5hbWljIjp0cnVlLCJjb250ZW50IjoicG9zdF9saW5rX3VybF9wYWdlIiwic2V0dGluZ3MiOnsicG9zdF9pZCI6IjYyMyJ9fQ==@&#8221;]<\/p>\n<h3 style=\"text-align: center;\"><strong>S\u00fcltes t\u00e1lak<\/strong><\/h3>\n<p>[\/et_pb_text][et_pb_image src=&#8221;https:\/\/www.halas.hu\/pohar2\/wp-content\/uploads\/2021\/06\/lvstlk_n.jpg&#8221; alt=&#8221;Pezsg\u0151s kelyhek&#8221; title_text=&#8221;lvstlk_n&#8221; url=&#8221;@ET-DC@eyJkeW5hbWljIjp0cnVlLCJjb250ZW50IjoicG9zdF9saW5rX3VybF9wYWdlIiwic2V0dGluZ3MiOnsicG9zdF9pZCI6IjYyOSJ9fQ==@&#8221; use_overlay=&#8221;on&#8221; overlay_icon_color=&#8221;rgba(0,0,0,0.22)&#8221; hover_overlay_color=&#8221;rgba(255,255,255,0.29)&#8221; align_tablet=&#8221;center&#8221; align_phone=&#8221;&#8221; align_last_edited=&#8221;on|desktop&#8221; _builder_version=&#8221;4.9.6&#8243; _dynamic_attributes=&#8221;url&#8221; custom_margin=&#8221;||15%|&#8221; animation_style=&#8221;slide&#8221; animation_direction=&#8221;bottom&#8221; animation_intensity_slide=&#8221;4%&#8221; locked=&#8221;off&#8221;][\/et_pb_image][et_pb_text _builder_version=&#8221;4.9.6&#8243; _module_preset=&#8221;default&#8221;]<\/p>\n<h3 style=\"text-align: center;\"><strong>Levest\u00e1lk\u00e1k, adagt\u00e1lak<\/strong><\/h3>\n<p>[\/et_pb_text][\/et_pb_column][et_pb_column type=&#8221;1_3&#8243; _builder_version=&#8221;3.25&#8243; custom_padding=&#8221;|||&#8221; custom_padding__hover=&#8221;|||&#8221;][et_pb_image src=&#8221;https:\/\/www.halas.hu\/pohar2\/wp-content\/uploads\/2021\/06\/25os_n.jpg&#8221; alt=&#8221;S\u00f6r\u00f6spoharak&#8221; title_text=&#8221;25os_n&#8221; url=&#8221;@ET-DC@eyJkeW5hbWljIjp0cnVlLCJjb250ZW50IjoicG9zdF9saW5rX3VybF9wYWdlIiwic2V0dGluZ3MiOnsicG9zdF9pZCI6IjYyNSJ9fQ==@&#8221; url_new_window=&#8221;on&#8221; use_overlay=&#8221;on&#8221; overlay_icon_color=&#8221;rgba(0,0,0,0.22)&#8221; hover_overlay_color=&#8221;rgba(255,255,255,0.29)&#8221; align_tablet=&#8221;center&#8221; align_phone=&#8221;&#8221; align_last_edited=&#8221;on|desktop&#8221; _builder_version=&#8221;4.9.6&#8243; _dynamic_attributes=&#8221;url&#8221; custom_margin=&#8221;||15%|&#8221; animation_style=&#8221;slide&#8221; animation_direction=&#8221;bottom&#8221; animation_intensity_slide=&#8221;4%&#8221; locked=&#8221;off&#8221;][\/et_pb_image][et_pb_text _builder_version=&#8221;4.9.6&#8243; _module_preset=&#8221;default&#8221;]<\/p>\n<h3 style=\"text-align: center;\"><strong>Levesest\u00e1lak<\/strong><\/h3>\n<p>[\/et_pb_text][et_pb_image src=&#8221;https:\/\/www.halas.hu\/pohar2\/wp-content\/uploads\/2021\/06\/melamin_n.jpg&#8221; alt=&#8221;Boros \/ \u00fcd\u00edt\u0151s kelyhek&#8221; title_text=&#8221;melamin_n&#8221; show_in_lightbox=&#8221;on&#8221; align_tablet=&#8221;center&#8221; align_phone=&#8221;&#8221; align_last_edited=&#8221;on|desktop&#8221; _builder_version=&#8221;4.9.6&#8243; _dynamic_attributes=&#8221;url&#8221; custom_margin=&#8221;||15%|&#8221; animation_style=&#8221;slide&#8221; animation_direction=&#8221;bottom&#8221; animation_intensity_slide=&#8221;4%&#8221; locked=&#8221;off&#8221;][\/et_pb_image][et_pb_text _builder_version=&#8221;4.9.6&#8243; _module_preset=&#8221;default&#8221;]<\/p>\n<h3 style=\"text-align: center;\"><strong>Melamin t\u00e1lk\u00e1k<\/strong><\/h3>\n<p>[\/et_pb_text][\/et_pb_column][\/et_pb_row][et_pb_row column_structure=&#8221;1_3,1_3,1_3&#8243; use_custom_gutter=&#8221;on&#8221; gutter_width=&#8221;3&#8243; _builder_version=&#8221;3.25&#8243; max_width=&#8221;1280px&#8221; custom_margin=&#8221;|||&#8221; custom_padding=&#8221;|||&#8221; use_custom_width=&#8221;on&#8221; custom_width_px=&#8221;1280px&#8221;][et_pb_column type=&#8221;1_3&#8243; _builder_version=&#8221;3.25&#8243; custom_padding=&#8221;|||&#8221; custom_padding__hover=&#8221;|||&#8221;][et_pb_image src=&#8221;https:\/\/www.pohar.halas.hu\/wp-content\/uploads\/2021\/06\/opal_n.jpg&#8221; alt=&#8221;Op\u00e1l\u00fcveg t\u00e1ny\u00e9rok&#8221; title_text=&#8221;opal_n&#8221; align_tablet=&#8221;center&#8221; align_phone=&#8221;&#8221; align_last_edited=&#8221;on|desktop&#8221; admin_label=&#8221;Jel\u00f6lt poharak&#8221; _builder_version=&#8221;4.9.6&#8243; _dynamic_attributes=&#8221;url&#8221; custom_margin=&#8221;||15%|&#8221; animation_style=&#8221;slide&#8221; animation_direction=&#8221;bottom&#8221; animation_intensity_slide=&#8221;4%&#8221; hover_enabled=&#8221;0&#8243; show_in_lightbox=&#8221;on&#8221; sticky_enabled=&#8221;0&#8243;][\/et_pb_image][et_pb_text _builder_version=&#8221;4.9.6&#8243; _module_preset=&#8221;default&#8221;]<\/p>\n<h3 style=\"text-align: center;\"><strong>Op\u00e1l\u00fcveg t\u00e1ny\u00e9rok<\/strong><strong><\/strong><\/h3>\n<p>[\/et_pb_text][\/et_pb_column][et_pb_column type=&#8221;1_3&#8243; _builder_version=&#8221;3.25&#8243; custom_padding=&#8221;|||&#8221; custom_padding__hover=&#8221;|||&#8221;][\/et_pb_column][et_pb_column type=&#8221;1_3&#8243; _builder_version=&#8221;3.25&#8243; custom_padding=&#8221;|||&#8221; custom_padding__hover=&#8221;|||&#8221;][\/et_pb_column][\/et_pb_row][\/et_pb_section]<\/p>\n","protected":false},"excerpt":{"rendered":"<p>[et_pb_section fb_built=&#8221;1&#8243; next_background_color=&#8221;#ffffff&#8221; admin_label=&#8221;Hero Section&#8221; _builder_version=&#8221;4.9.6&#8243; background_color=&#8221;#0C71C3&#8243; use_background_color_gradient=&#8221;on&#8221; background_color_gradient_start=&#8221;#0c71c3&#8243; background_color_gradient_end=&#8221;#ffffff&#8221; background_color_gradient_direction=&#8221;179deg&#8221; background_color_gradient_start_position=&#8221;32%&#8221; background_color_gradient_end_position=&#8221;92%&#8221; custom_padding=&#8221;34px|0px|1px|0px||&#8221; bottom_divider_style=&#8221;graph3&#8243; animation_style=&#8221;slide&#8221; animation_direction=&#8221;top&#8221; animation_intensity_slide=&#8221;2%&#8221; animation_starting_opacity=&#8221;100%&#8221; locked=&#8221;off&#8221;][et_pb_row _builder_version=&#8221;3.25&#8243; background_size=&#8221;initial&#8221; background_position=&#8221;top_left&#8221; background_repeat=&#8221;repeat&#8221; custom_padding=&#8221;|||&#8221; custom_width_px=&#8221;1440px&#8221;][et_pb_column type=&#8221;4_4&#8243; _builder_version=&#8221;3.25&#8243; custom_padding=&#8221;|||&#8221; custom_padding__hover=&#8221;|||&#8221;][et_pb_text _builder_version=&#8221;3.27.4&#8243; text_font=&#8221;||||||||&#8221; header_font=&#8221;Playfair Display|700|||||||&#8221; header_text_color=&#8221;#ffffff&#8221; header_font_size=&#8221;60px&#8221; header_line_height=&#8221;1.5em&#8221; header_2_font=&#8221;||||||||&#8221; header_3_font=&#8221;||||||||&#8221; header_4_font=&#8221;||||||||&#8221; header_5_font=&#8221;||||||||&#8221; header_6_font=&#8221;||||||||&#8221; background_size=&#8221;initial&#8221; background_position=&#8221;top_left&#8221; background_repeat=&#8221;repeat&#8221; text_orientation=&#8221;center&#8221; module_alignment=&#8221;center&#8221; custom_margin=&#8221;||50px|||&#8221; locked=&#8221;off&#8221;] Porcel\u00e1n term\u00e9kek [\/et_pb_text][et_pb_divider color=&#8221;#0C71C3&#8243; divider_weight=&#8221;3px&#8221; disabled_on=&#8221;on|on|off&#8221; [&hellip;]<\/p>\n","protected":false},"author":1,"featured_media":0,"parent":0,"menu_order":0,"comment_status":"closed","ping_status":"closed","template":"","meta":{"_et_pb_use_builder":"on","_et_pb_old_content":"<!-- wp:divi\/placeholder \/-->","_et_gb_content_width":"","_monsterinsights_skip_tracking":false,"_monsterinsights_sitenote_active":false,"_monsterinsights_sitenote_note":"","_monsterinsights_sitenote_category":0},"yoast_head":"<!-- This site is optimized with the Yoast SEO plugin v16.4 - https:\/\/yoast.com\/wordpress\/plugins\/seo\/ -->\n<title>Porcel\u00e1n term\u00e9kek - &quot;Kis&quot; \u00dcveg-Porcel\u00e1n Keresked\u00e9s<\/title>\n<meta name=\"description\" content=\"Levest\u00e1lka, adagt\u00e1l, Polikarbon\u00e1t t\u00e1ny\u00e9rok, t\u00f6rhetetlen t\u00e1ny\u00e9rok-poharak-kancs\u00f3k, porcel\u00e1n t\u00e1ny\u00e9rok, REPETA t\u00e1ny\u00e9rok, lapost\u00e1ny\u00e9r, m\u00e9lyt\u00e1ny\u00e9r\" \/>\n<meta name=\"robots\" content=\"index, follow, max-snippet:-1, max-image-preview:large, max-video-preview:-1\" \/>\n<link rel=\"canonical\" href=\"https:\/\/www.pohar.halas.hu\/?page_id=416\" \/>\n<meta property=\"og:locale\" content=\"hu_HU\" \/>\n<meta property=\"og:type\" content=\"article\" \/>\n<meta property=\"og:title\" content=\"Porcel\u00e1n term\u00e9kek - &quot;Kis&quot; \u00dcveg-Porcel\u00e1n Keresked\u00e9s\" \/>\n<meta property=\"og:description\" content=\"Levest\u00e1lka, adagt\u00e1l, Polikarbon\u00e1t t\u00e1ny\u00e9rok, t\u00f6rhetetlen t\u00e1ny\u00e9rok-poharak-kancs\u00f3k, porcel\u00e1n t\u00e1ny\u00e9rok, REPETA t\u00e1ny\u00e9rok, lapost\u00e1ny\u00e9r, m\u00e9lyt\u00e1ny\u00e9r\" \/>\n<meta property=\"og:url\" content=\"https:\/\/www.pohar.halas.hu\/?page_id=416\" \/>\n<meta property=\"og:site_name\" content=\"&quot;Kis&quot; \u00dcveg-Porcel\u00e1n Keresked\u00e9s\" \/>\n<meta property=\"article:modified_time\" content=\"2021-10-18T06:12:55+00:00\" \/>\n<meta name=\"twitter:card\" content=\"summary_large_image\" \/>\n<meta name=\"twitter:label1\" content=\"Becs\u00fclt olvas\u00e1si id\u0151\" \/>\n\t<meta name=\"twitter:data1\" content=\"1 perc\" \/>\n<script type=\"application\/ld+json\" class=\"yoast-schema-graph\">{\"@context\":\"https:\/\/schema.org\",\"@graph\":[{\"@type\":\"WebSite\",\"@id\":\"https:\/\/www.pohar.halas.hu\/#website\",\"url\":\"https:\/\/www.pohar.halas.hu\/\",\"name\":\"&quot;Kis&quot; \\u00dcveg-Porcel\\u00e1n Keresked\\u00e9s\",\"description\":\"\\u00dcveg- Porcel\\u00e1n Keresked\\u00e9s\",\"potentialAction\":[{\"@type\":\"SearchAction\",\"target\":\"https:\/\/www.pohar.halas.hu\/?s={search_term_string}\",\"query-input\":\"required name=search_term_string\"}],\"inLanguage\":\"hu\"},{\"@type\":\"WebPage\",\"@id\":\"https:\/\/www.pohar.halas.hu\/?page_id=416#webpage\",\"url\":\"https:\/\/www.pohar.halas.hu\/?page_id=416\",\"name\":\"Porcel\\u00e1n term\\u00e9kek - &quot;Kis&quot; \\u00dcveg-Porcel\\u00e1n Keresked\\u00e9s\",\"isPartOf\":{\"@id\":\"https:\/\/www.pohar.halas.hu\/#website\"},\"datePublished\":\"2021-06-19T19:24:54+00:00\",\"dateModified\":\"2021-10-18T06:12:55+00:00\",\"description\":\"Levest\\u00e1lka, adagt\\u00e1l, Polikarbon\\u00e1t t\\u00e1ny\\u00e9rok, t\\u00f6rhetetlen t\\u00e1ny\\u00e9rok-poharak-kancs\\u00f3k, porcel\\u00e1n t\\u00e1ny\\u00e9rok, REPETA t\\u00e1ny\\u00e9rok, lapost\\u00e1ny\\u00e9r, m\\u00e9lyt\\u00e1ny\\u00e9r\",\"breadcrumb\":{\"@id\":\"https:\/\/www.pohar.halas.hu\/?page_id=416#breadcrumb\"},\"inLanguage\":\"hu\",\"potentialAction\":[{\"@type\":\"ReadAction\",\"target\":[\"https:\/\/www.pohar.halas.hu\/?page_id=416\"]}]},{\"@type\":\"BreadcrumbList\",\"@id\":\"https:\/\/www.pohar.halas.hu\/?page_id=416#breadcrumb\",\"itemListElement\":[{\"@type\":\"ListItem\",\"position\":1,\"item\":{\"@type\":\"WebPage\",\"@id\":\"https:\/\/www.pohar.halas.hu\/\",\"url\":\"https:\/\/www.pohar.halas.hu\/\",\"name\":\"Home\"}},{\"@type\":\"ListItem\",\"position\":2,\"item\":{\"@id\":\"https:\/\/www.pohar.halas.hu\/?page_id=416#webpage\"}}]}]}<\/script>\n<!-- \/ Yoast SEO plugin. -->","_links":{"self":[{"href":"https:\/\/www.pohar.halas.hu\/index.php?rest_route=\/wp\/v2\/pages\/416"}],"collection":[{"href":"https:\/\/www.pohar.halas.hu\/index.php?rest_route=\/wp\/v2\/pages"}],"about":[{"href":"https:\/\/www.pohar.halas.hu\/index.php?rest_route=\/wp\/v2\/types\/page"}],"author":[{"embeddable":true,"href":"https:\/\/www.pohar.halas.hu\/index.php?rest_route=\/wp\/v2\/users\/1"}],"replies":[{"embeddable":true,"href":"https:\/\/www.pohar.halas.hu\/index.php?rest_route=%2Fwp%2Fv2%2Fcomments&post=416"}],"version-history":[{"count":6,"href":"https:\/\/www.pohar.halas.hu\/index.php?rest_route=\/wp\/v2\/pages\/416\/revisions"}],"predecessor-version":[{"id":1080,"href":"https:\/\/www.pohar.halas.hu\/index.php?rest_route=\/wp\/v2\/pages\/416\/revisions\/1080"}],"wp:attachment":[{"href":"https:\/\/www.pohar.halas.hu\/index.php?rest_route=%2Fwp%2Fv2%2Fmedia&parent=416"}],"curies":[{"name":"wp","href":"https:\/\/api.w.org\/{rel}","templated":true}]}}