{"id":714,"date":"2021-09-11T12:02:32","date_gmt":"2021-09-11T12:02:32","guid":{"rendered":"https:\/\/www.halas.hu\/pohar2\/?page_id=714"},"modified":"2021-10-15T22:12:07","modified_gmt":"2021-10-15T20:12:07","slug":"nagykonyhai-gepek-eszkozok","status":"publish","type":"page","link":"https:\/\/www.pohar.halas.hu\/?page_id=714","title":{"rendered":"Nagykonyhai g\u00e9pek"},"content":{"rendered":"<p>[et_pb_section fb_built=&#8221;1&#8243; admin_label=&#8221;Features&#8221; _builder_version=&#8221;4.9.6&#8243; min_height=&#8221;750px&#8221; custom_padding=&#8221;79px||134px|||&#8221; top_divider_style=&#8221;waves2&#8243; top_divider_color=&#8221;#0C71C3&#8243; top_divider_height=&#8221;32px&#8221; top_divider_repeat=&#8221;1x&#8221; top_divider_flip=&#8221;vertical&#8221; bottom_divider_style=&#8221;waves2&#8243; bottom_divider_color=&#8221;#0C71C3&#8243; bottom_divider_height=&#8221;54px&#8221; locked=&#8221;off&#8221;][et_pb_row column_structure=&#8221;1_2,1_2&#8243; _builder_version=&#8221;3.25&#8243; custom_margin=&#8221;20px|auto||auto||&#8221; custom_padding=&#8221;4px||51px|||&#8221;][et_pb_column type=&#8221;1_2&#8243; _builder_version=&#8221;3.25&#8243; custom_padding=&#8221;|||&#8221; custom_padding__hover=&#8221;|||&#8221;][et_pb_text _builder_version=&#8221;3.27.4&#8243; text_font=&#8221;||||||||&#8221; text_font_size=&#8221;16px&#8221; text_line_height=&#8221;2em&#8221; header_2_font=&#8221;Rubik|500||on|||||&#8221; header_2_text_color=&#8221;#ff8f00&#8243; header_2_font_size=&#8221;14px&#8221; header_2_letter_spacing=&#8221;1px&#8221; header_2_line_height=&#8221;1.5em&#8221; header_3_font=&#8221;Rubik|500|||||||&#8221; header_3_font_size=&#8221;38px&#8221; header_3_line_height=&#8221;1.4em&#8221; custom_margin=&#8221;1px|||||&#8221; custom_padding=&#8221;51px|1px||||&#8221; header_2_font_size_tablet=&#8221;42px&#8221; header_2_font_size_phone=&#8221;32px&#8221; header_2_font_size_last_edited=&#8221;off|desktop&#8221; header_3_font_size_tablet=&#8221;28px&#8221; header_3_font_size_phone=&#8221;20px&#8221; header_3_font_size_last_edited=&#8221;on|phone&#8221; locked=&#8221;off&#8221;]<\/p>\n<p align=\"justify\"><span style=\"color: #000000;\">Tisztelt V\u00e1s\u00e1rl\u00f3ink!<\/span><\/p>\n<p align=\"justify\"><span style=\"color: #000000;\">Ezen az oldalon megtal\u00e1lja az \u00e1ltalunk forgalmazott nagykonyhai g\u00e9pek v\u00e1laszt\u00e9k\u00e1nak egy r\u00e9sz\u00e9t<\/span><\/p>\n<p align=\"justify\"><span style=\"color: #000000;\">Amennyiben \u00d6nnek m\u00e1s elk\u00e9pzel\u00e9se van az adott g\u00e9pre, telefonos\/szem\u00e9lyes egyeztet\u00e9st k\u00f6vet\u0151en tudunk \u00e1raj\u00e1nlatot adni az \u00d6nt \u00e9rdekl\u0151 term\u00e9kre<\/span><\/p>\n<p align=\"justify\"><span style=\"color: #000000;\">Az itt szerepl\u0151 term\u00e9keket is term\u00e9szetesen kisz\u00e1ll\u00edtjuk \u00d6n\u00f6knek a megbesz\u00e9lt c\u00edmre <strong><u>d\u00edjmentesen!<\/u><\/strong><\/span><\/p>\n<p align=\"justify\"><span style=\"color: #000000;\">A rugalmas beszerz\u00e9snek k\u00f6sz\u00f6nhet\u0151en az \u00d6n\u00f6k \u00e1ltal megrendelt term\u00e9keket -amennyiben nincs rakt\u00e1ron &#8211; a rendel\u00e9s lead\u00e1s\u00e1t\u00f3l sz\u00e1m\u00edtva 3-4 h\u00e9t alatt kisz\u00e1ll\u00edtjuk!<\/span><\/p>\n<p align=\"justify\"><span style=\"color: #000000;\">Besz\u00e1ll\u00edt\u00f3ink k\u00f6z\u00f6tt megtal\u00e1lhat\u00f3ak a belf\u00f6ld\u00f6n meghat\u00e1roz\u00f3 gy\u00e1rt\u00f3k, az eur\u00f3pai uni\u00f3b\u00f3l, illetve azon k\u00edv\u00fcli partnerek egyar\u00e1nt a sz\u00e9les v\u00e1laszt\u00e9k \u00e9rdek\u00e9ben.<\/span><\/p>\n<p align=\"justify\"><span style=\"color: #000000;\">A katal\u00f3gusban szerepl\u0151 term\u00e9kek \u00e1rai<strong> NETT\u00d3 \u00e1rak, <\/strong>az \u00c1FA-t(27%) nem tartalmazz\u00e1k!<\/span><\/p>\n<p align=\"justify\">\n<p>[\/et_pb_text][\/et_pb_column][et_pb_column type=&#8221;1_2&#8243; _builder_version=&#8221;3.25&#8243; custom_padding=&#8221;|||&#8221; custom_padding__hover=&#8221;|||&#8221;][et_pb_image src=&#8221;https:\/\/www.halas.hu\/pohar2\/wp-content\/uploads\/2021\/09\/AdobeStock_55316667-scaled.jpeg&#8221; title_text=&#8221;Professional kitchen in modern building&#8221; align=&#8221;center&#8221; align_tablet=&#8221;center&#8221; align_phone=&#8221;&#8221; align_last_edited=&#8221;on|desktop&#8221; _builder_version=&#8221;4.9.6&#8243; width=&#8221;76%&#8221; module_alignment=&#8221;center&#8221; custom_padding=&#8221;10px|||||&#8221; animation_style=&#8221;zoom&#8221; animation_intensity_zoom=&#8221;10%&#8221;][\/et_pb_image][et_pb_button button_url=&#8221;@ET-DC@eyJkeW5hbWljIjp0cnVlLCJjb250ZW50IjoicG9zdF9saW5rX3VybF9hdHRhY2htZW50Iiwic2V0dGluZ3MiOnsicG9zdF9pZCI6Ijg2MCJ9fQ==@&#8221; button_text=&#8221;Katal\u00f3gus let\u00f6lt\u00e9se&#8221; button_alignment=&#8221;center&#8221; _builder_version=&#8221;4.9.6&#8243; _dynamic_attributes=&#8221;button_url&#8221; custom_button=&#8221;on&#8221; button_text_size=&#8221;13px&#8221; button_text_color=&#8221;#ffffff&#8221; button_bg_color=&#8221;#2970fa&#8221; button_border_width=&#8221;0px&#8221; button_border_color=&#8221;rgba(0,0,0,0)&#8221; button_border_radius=&#8221;5px&#8221; button_letter_spacing=&#8221;1px&#8221; button_font=&#8221;Rubik|||on|||||&#8221; button_use_icon=&#8221;off&#8221; background_layout=&#8221;dark&#8221; custom_padding=&#8221;14px|38px|14px|38px|true|true&#8221; box_shadow_style=&#8221;preset1&#8243; box_shadow_vertical=&#8221;20px&#8221; box_shadow_blur=&#8221;30px&#8221; box_shadow_color=&#8221;rgba(41,112,250,0.2)&#8221; button_letter_spacing_hover=&#8221;1px&#8221; locked=&#8221;off&#8221; button_text_size__hover_enabled=&#8221;off&#8221; button_one_text_size__hover_enabled=&#8221;off&#8221; button_two_text_size__hover_enabled=&#8221;off&#8221; button_text_color__hover_enabled=&#8221;off&#8221; button_one_text_color__hover_enabled=&#8221;off&#8221; button_two_text_color__hover_enabled=&#8221;off&#8221; button_border_width__hover_enabled=&#8221;off&#8221; button_one_border_width__hover_enabled=&#8221;off&#8221; button_two_border_width__hover_enabled=&#8221;off&#8221; button_border_color__hover_enabled=&#8221;off&#8221; button_one_border_color__hover_enabled=&#8221;off&#8221; button_two_border_color__hover_enabled=&#8221;off&#8221; button_border_radius__hover_enabled=&#8221;off&#8221; button_one_border_radius__hover_enabled=&#8221;off&#8221; button_two_border_radius__hover_enabled=&#8221;off&#8221; button_letter_spacing__hover_enabled=&#8221;on&#8221; button_letter_spacing__hover=&#8221;1px&#8221; button_one_letter_spacing__hover_enabled=&#8221;off&#8221; button_two_letter_spacing__hover_enabled=&#8221;off&#8221; button_bg_color__hover_enabled=&#8221;off&#8221; button_one_bg_color__hover_enabled=&#8221;off&#8221; button_two_bg_color__hover_enabled=&#8221;off&#8221;][\/et_pb_button][\/et_pb_column][\/et_pb_row][\/et_pb_section]<\/p>\n","protected":false},"excerpt":{"rendered":"<p>[et_pb_section fb_built=&#8221;1&#8243; admin_label=&#8221;Features&#8221; _builder_version=&#8221;4.9.6&#8243; min_height=&#8221;750px&#8221; custom_padding=&#8221;79px||134px|||&#8221; top_divider_style=&#8221;waves2&#8243; top_divider_color=&#8221;#0C71C3&#8243; top_divider_height=&#8221;32px&#8221; top_divider_repeat=&#8221;1x&#8221; top_divider_flip=&#8221;vertical&#8221; bottom_divider_style=&#8221;waves2&#8243; bottom_divider_color=&#8221;#0C71C3&#8243; bottom_divider_height=&#8221;54px&#8221; locked=&#8221;off&#8221;][et_pb_row column_structure=&#8221;1_2,1_2&#8243; _builder_version=&#8221;3.25&#8243; custom_margin=&#8221;20px|auto||auto||&#8221; custom_padding=&#8221;4px||51px|||&#8221;][et_pb_column type=&#8221;1_2&#8243; _builder_version=&#8221;3.25&#8243; custom_padding=&#8221;|||&#8221; custom_padding__hover=&#8221;|||&#8221;][et_pb_text _builder_version=&#8221;3.27.4&#8243; text_font=&#8221;||||||||&#8221; text_font_size=&#8221;16px&#8221; text_line_height=&#8221;2em&#8221; header_2_font=&#8221;Rubik|500||on|||||&#8221; header_2_text_color=&#8221;#ff8f00&#8243; header_2_font_size=&#8221;14px&#8221; header_2_letter_spacing=&#8221;1px&#8221; header_2_line_height=&#8221;1.5em&#8221; header_3_font=&#8221;Rubik|500|||||||&#8221; header_3_font_size=&#8221;38px&#8221; header_3_line_height=&#8221;1.4em&#8221; custom_margin=&#8221;1px|||||&#8221; custom_padding=&#8221;51px|1px||||&#8221; header_2_font_size_tablet=&#8221;42px&#8221; header_2_font_size_phone=&#8221;32px&#8221; header_2_font_size_last_edited=&#8221;off|desktop&#8221; header_3_font_size_tablet=&#8221;28px&#8221; header_3_font_size_phone=&#8221;20px&#8221; header_3_font_size_last_edited=&#8221;on|phone&#8221; locked=&#8221;off&#8221;] Tisztelt V\u00e1s\u00e1rl\u00f3ink! Ezen az oldalon megtal\u00e1lja az \u00e1ltalunk forgalmazott nagykonyhai g\u00e9pek [&hellip;]<\/p>\n","protected":false},"author":1,"featured_media":0,"parent":0,"menu_order":0,"comment_status":"closed","ping_status":"closed","template":"","meta":{"_et_pb_use_builder":"on","_et_pb_old_content":"<!-- wp:divi\/placeholder \/-->","_et_gb_content_width":"","_monsterinsights_skip_tracking":false,"_monsterinsights_sitenote_active":false,"_monsterinsights_sitenote_note":"","_monsterinsights_sitenote_category":0},"yoast_head":"<!-- This site is optimized with the Yoast SEO plugin v16.4 - https:\/\/yoast.com\/wordpress\/plugins\/seo\/ -->\n<title>Nagykonyhai g\u00e9pek - &quot;Kis&quot; \u00dcveg-Porcel\u00e1n Keresked\u00e9s<\/title>\n<meta name=\"description\" content=\"Itt megtekintheti az \u00e1ltalunk forgalmazott nagykonyhai eszk\u00f6z\u00f6ket\" \/>\n<meta name=\"robots\" content=\"index, follow, max-snippet:-1, max-image-preview:large, max-video-preview:-1\" \/>\n<link rel=\"canonical\" href=\"https:\/\/www.pohar.halas.hu\/?page_id=714\" \/>\n<meta property=\"og:locale\" content=\"hu_HU\" \/>\n<meta property=\"og:type\" content=\"article\" \/>\n<meta property=\"og:title\" content=\"Nagykonyhai g\u00e9pek - &quot;Kis&quot; \u00dcveg-Porcel\u00e1n Keresked\u00e9s\" \/>\n<meta property=\"og:description\" content=\"Itt megtekintheti az \u00e1ltalunk forgalmazott nagykonyhai eszk\u00f6z\u00f6ket\" \/>\n<meta property=\"og:url\" content=\"https:\/\/www.pohar.halas.hu\/?page_id=714\" \/>\n<meta property=\"og:site_name\" content=\"&quot;Kis&quot; \u00dcveg-Porcel\u00e1n Keresked\u00e9s\" \/>\n<meta property=\"article:modified_time\" content=\"2021-10-15T20:12:07+00:00\" \/>\n<meta name=\"twitter:card\" content=\"summary_large_image\" \/>\n<meta name=\"twitter:label1\" content=\"Becs\u00fclt olvas\u00e1si id\u0151\" \/>\n\t<meta name=\"twitter:data1\" content=\"1 perc\" \/>\n<script type=\"application\/ld+json\" class=\"yoast-schema-graph\">{\"@context\":\"https:\/\/schema.org\",\"@graph\":[{\"@type\":\"WebSite\",\"@id\":\"https:\/\/www.pohar.halas.hu\/#website\",\"url\":\"https:\/\/www.pohar.halas.hu\/\",\"name\":\"&quot;Kis&quot; \\u00dcveg-Porcel\\u00e1n Keresked\\u00e9s\",\"description\":\"\\u00dcveg- Porcel\\u00e1n Keresked\\u00e9s\",\"potentialAction\":[{\"@type\":\"SearchAction\",\"target\":\"https:\/\/www.pohar.halas.hu\/?s={search_term_string}\",\"query-input\":\"required name=search_term_string\"}],\"inLanguage\":\"hu\"},{\"@type\":\"WebPage\",\"@id\":\"https:\/\/www.pohar.halas.hu\/?page_id=714#webpage\",\"url\":\"https:\/\/www.pohar.halas.hu\/?page_id=714\",\"name\":\"Nagykonyhai g\\u00e9pek - &quot;Kis&quot; \\u00dcveg-Porcel\\u00e1n Keresked\\u00e9s\",\"isPartOf\":{\"@id\":\"https:\/\/www.pohar.halas.hu\/#website\"},\"datePublished\":\"2021-09-11T12:02:32+00:00\",\"dateModified\":\"2021-10-15T20:12:07+00:00\",\"description\":\"Itt megtekintheti az \\u00e1ltalunk forgalmazott nagykonyhai eszk\\u00f6z\\u00f6ket\",\"breadcrumb\":{\"@id\":\"https:\/\/www.pohar.halas.hu\/?page_id=714#breadcrumb\"},\"inLanguage\":\"hu\",\"potentialAction\":[{\"@type\":\"ReadAction\",\"target\":[\"https:\/\/www.pohar.halas.hu\/?page_id=714\"]}]},{\"@type\":\"BreadcrumbList\",\"@id\":\"https:\/\/www.pohar.halas.hu\/?page_id=714#breadcrumb\",\"itemListElement\":[{\"@type\":\"ListItem\",\"position\":1,\"item\":{\"@type\":\"WebPage\",\"@id\":\"https:\/\/www.pohar.halas.hu\/\",\"url\":\"https:\/\/www.pohar.halas.hu\/\",\"name\":\"Home\"}},{\"@type\":\"ListItem\",\"position\":2,\"item\":{\"@id\":\"https:\/\/www.pohar.halas.hu\/?page_id=714#webpage\"}}]}]}<\/script>\n<!-- \/ Yoast SEO plugin. -->","_links":{"self":[{"href":"https:\/\/www.pohar.halas.hu\/index.php?rest_route=\/wp\/v2\/pages\/714"}],"collection":[{"href":"https:\/\/www.pohar.halas.hu\/index.php?rest_route=\/wp\/v2\/pages"}],"about":[{"href":"https:\/\/www.pohar.halas.hu\/index.php?rest_route=\/wp\/v2\/types\/page"}],"author":[{"embeddable":true,"href":"https:\/\/www.pohar.halas.hu\/index.php?rest_route=\/wp\/v2\/users\/1"}],"replies":[{"embeddable":true,"href":"https:\/\/www.pohar.halas.hu\/index.php?rest_route=%2Fwp%2Fv2%2Fcomments&post=714"}],"version-history":[{"count":6,"href":"https:\/\/www.pohar.halas.hu\/index.php?rest_route=\/wp\/v2\/pages\/714\/revisions"}],"predecessor-version":[{"id":1069,"href":"https:\/\/www.pohar.halas.hu\/index.php?rest_route=\/wp\/v2\/pages\/714\/revisions\/1069"}],"wp:attachment":[{"href":"https:\/\/www.pohar.halas.hu\/index.php?rest_route=%2Fwp%2Fv2%2Fmedia&parent=714"}],"curies":[{"name":"wp","href":"https:\/\/api.w.org\/{rel}","templated":true}]}}